{"id":935,"date":"2020-10-21T12:39:24","date_gmt":"2020-10-21T10:39:24","guid":{"rendered":"https:\/\/cosearching.be\/protection-de-la-vie-privee\/"},"modified":"2024-11-06T18:37:46","modified_gmt":"2024-11-06T17:37:46","slug":"protection-de-la-vie-privee","status":"publish","type":"page","link":"https:\/\/cosearching.be\/en\/protection-de-la-vie-privee\/","title":{"rendered":"Protection de la vie priv\u00e9e"},"content":{"rendered":"<p>[et_pb_section fb_built=&#8221;1&#8243; fullwidth=&#8221;on&#8221; disabled_on=&#8221;on|on|off&#8221; _builder_version=&#8221;4.6.6&#8243; _module_preset=&#8221;default&#8221; background_color_gradient_direction=&#8221;359deg&#8221; bottom_divider_style=&#8221;slant&#8221; bottom_divider_color=&#8221;#ffffff&#8221; bottom_divider_height=&#8221;61px&#8221; bottom_divider_flip=&#8221;vertical&#8221; da_disable_devices=&#8221;off|off|off&#8221; da_is_popup=&#8221;off&#8221; da_exit_intent=&#8221;off&#8221; da_has_close=&#8221;on&#8221; da_alt_close=&#8221;off&#8221; da_dark_close=&#8221;off&#8221; da_not_modal=&#8221;on&#8221; da_is_singular=&#8221;off&#8221; da_with_loader=&#8221;off&#8221; da_has_shadow=&#8221;on&#8221;][et_pb_fullwidth_header title=&#8221;Charte de protection de la vie priv\u00e9e&#8221; content_max_width=&#8221;70%&#8221; _builder_version=&#8221;4.6.6&#8243; _module_preset=&#8221;default&#8221; title_text_color=&#8221;#ffffff&#8221; title_font_size=&#8221;56px&#8221; content_font=&#8221;Comfortaa||||||||&#8221; content_text_color=&#8221;#ffffff&#8221; content_font_size=&#8221;22px&#8221; content_line_height=&#8221;1.5em&#8221; background_enable_color=&#8221;off&#8221; background_color_gradient_direction=&#8221;171deg&#8221; background_image=&#8221;https:\/\/cosearching.be\/wp-content\/uploads\/2020\/11\/contact-header01.jpg&#8221; background_position=&#8221;top_center&#8221; custom_button_one=&#8221;on&#8221; button_one_text_color=&#8221;#9cce1e&#8221; button_one_border_radius=&#8221;31px&#8221; custom_padding=&#8221;140px||214px||false|false&#8221;][\/et_pb_fullwidth_header][\/et_pb_section][et_pb_section fb_built=&#8221;1&#8243; fullwidth=&#8221;on&#8221; disabled_on=&#8221;off|off|on&#8221; _builder_version=&#8221;4.6.6&#8243; _module_preset=&#8221;default&#8221; background_color_gradient_direction=&#8221;359deg&#8221; bottom_divider_style=&#8221;slant&#8221; bottom_divider_color=&#8221;#ffffff&#8221; bottom_divider_height=&#8221;61px&#8221; bottom_divider_flip=&#8221;vertical&#8221; da_disable_devices=&#8221;off|off|off&#8221; da_is_popup=&#8221;off&#8221; da_exit_intent=&#8221;off&#8221; da_has_close=&#8221;on&#8221; da_alt_close=&#8221;off&#8221; da_dark_close=&#8221;off&#8221; da_not_modal=&#8221;on&#8221; da_is_singular=&#8221;off&#8221; da_with_loader=&#8221;off&#8221; da_has_shadow=&#8221;on&#8221;][et_pb_fullwidth_header title=&#8221;Charte de protection de la vie priv\u00e9e&#8221; _builder_version=&#8221;4.6.6&#8243; _module_preset=&#8221;default&#8221; title_text_align=&#8221;center&#8221; title_text_color=&#8221;#ffffff&#8221; title_font_size=&#8221;56px&#8221; content_font=&#8221;Comfortaa||||||||&#8221; content_text_align=&#8221;center&#8221; content_text_color=&#8221;#ffffff&#8221; content_font_size=&#8221;20px&#8221; content_line_height=&#8221;1.5em&#8221; background_enable_color=&#8221;off&#8221; background_color_gradient_direction=&#8221;171deg&#8221; background_image=&#8221;https:\/\/cosearching.be\/wp-content\/uploads\/2020\/11\/contact-header01.jpg&#8221; background_position=&#8221;top_center&#8221; custom_button_one=&#8221;on&#8221; button_one_text_color=&#8221;#9cce1e&#8221; button_one_border_radius=&#8221;31px&#8221; custom_padding=&#8221;140px||214px||false|false&#8221; title_font_size_tablet=&#8221;40px&#8221; title_font_size_phone=&#8221;&#8221; title_font_size_last_edited=&#8221;on|tablet&#8221;][\/et_pb_fullwidth_header][\/et_pb_section][et_pb_section fb_built=&#8221;1&#8243; _builder_version=&#8221;4.6.6&#8243; _module_preset=&#8221;default&#8221; da_disable_devices=&#8221;off|off|off&#8221; da_is_popup=&#8221;off&#8221; da_exit_intent=&#8221;off&#8221; da_has_close=&#8221;on&#8221; da_alt_close=&#8221;off&#8221; da_dark_close=&#8221;off&#8221; da_not_modal=&#8221;on&#8221; da_is_singular=&#8221;off&#8221; da_with_loader=&#8221;off&#8221; da_has_shadow=&#8221;on&#8221;][et_pb_row _builder_version=&#8221;4.6.6&#8243; _module_preset=&#8221;default&#8221;][et_pb_column type=&#8221;4_4&#8243; _builder_version=&#8221;4.6.6&#8243; _module_preset=&#8221;default&#8221;][et_pb_text _builder_version=&#8221;4.7.6&#8243; _module_preset=&#8221;default&#8221; text_font_size=&#8221;26px&#8221; header_2_text_align=&#8221;center&#8221; header_2_font_size=&#8221;40px&#8221; header_2_font_size_tablet=&#8221;&#8221; header_2_font_size_phone=&#8221;&#8221; header_2_font_size_last_edited=&#8221;on|desktop&#8221;]<\/p>\n<h2>Protection et confidentialit\u00e9 des donn\u00e9es<br \/> personnelles trait\u00e9es par Cosearching.brussels<\/h2>\n<p>[\/et_pb_text][et_pb_divider color=&#8221;#8baf1a&#8221; divider_weight=&#8221;4px&#8221; _builder_version=&#8221;4.6.6&#8243; _module_preset=&#8221;default&#8221; width=&#8221;10%&#8221; module_alignment=&#8221;center&#8221;][\/et_pb_divider][et_pb_accordion open_toggle_background_color=&#8221;#ffffff&#8221; closed_toggle_text_color=&#8221;#ffffff&#8221; closed_toggle_background_color=&#8221;#8baf1a&#8221; _builder_version=&#8221;4.7.6&#8243; _module_preset=&#8221;default&#8221; closed_toggle_font_size=&#8221;30px&#8221; border_color_all=&#8221;#8baf1a&#8221; locked=&#8221;off&#8221;][et_pb_accordion_item title=&#8221;Quelles donn\u00e9es recueillons-nous ?&#8221; open_toggle_text_color=&#8221;#8baf1a&#8221; _builder_version=&#8221;4.7.6&#8243; _module_preset=&#8221;default&#8221; body_font_size=&#8221;17px&#8221; body_line_height=&#8221;1.5em&#8221; toggle_level=&#8221;h3&#8243; toggle_font_size=&#8221;30px&#8221; open=&#8221;on&#8221;]<\/p>\n<p>Cosearching.brussels s\u2019engage vis-\u00e0-vis de ses membres \u00e0 ne collecter et \u00e0 ne traiter que les donn\u00e9es n\u00e9cessaires \u00e0 ses activit\u00e9s. En cons\u00e9quence, Cosearching.brussels collecte et stocke diff\u00e9rentes donn\u00e9es \u00e0 caract\u00e8re personnel vous concernant via nos formulaires en ligne. Nous sommes d\u00e8s lors susceptibles de stocker vos donn\u00e9es\u2009:<\/p>\n<ul>\n<li>d\u2019identification (nom, pr\u00e9nom, adresse, NISS)\u2009;<\/li>\n<li>de contact (num\u00e9ro de t\u00e9l\u00e9phone fixe ou mobile, adresse e-mail, adresse postale)\u2009;<\/li>\n<li>de connexion (ex : adresse IP).<\/li>\n<\/ul>\n<p><span style=\"font-weight: 400;\">Ces donn\u00e9es sont trait\u00e9es exclusivement pour identifier les participants du programme aupr\u00e8s d\u2019Actiris, assurer le bon d\u00e9roulement de leur inscription, et assurer le<\/span>\u00a0bon fonctionnement du site.<\/p>\n<p>[\/et_pb_accordion_item][et_pb_accordion_item title=&#8221;Mes donn\u00e9es personnelles sont elles conserv\u00e9es et partag\u00e9es avec des tiers?&#8221; open=&#8221;off&#8221; _builder_version=&#8221;4.7.6&#8243; _module_preset=&#8221;default&#8221;]<\/p>\n<p>Si vous vous inscrivez au programme de Cosearching, nous devons enregistrer et conserver vos donn\u00e9es personnelles d&#8217;identification (pr\u00e9nom, nom, email, tel de contact, code postal, date de naissance et NISS), ainsi que d&#8217;\u00e9ventuelles informations sur vos outils de connexion (mat\u00e9riel et outil de visio-conf\u00e9rence disponibles), durant toute la dur\u00e9e de votre participation au programme.<\/p>\n<p><span style=\"font-weight: 400;\">Cosearching.brussels est un Consortium compos\u00e9 de 5 partenaires (Backstage.Network, Divers Gens, Activ\u2019Action, Trac\u00e9 Brussel, CocoriCo Searching).\u00a0<\/span>\u00a0L&#8217;asbl Backstage.Network est responsable du traitement des donn\u00e9es et des outils num\u00e9riques utilis\u00e9s (site web, plateforme de r\u00e9seau social et base de donn\u00e9es du programme). Vos donn\u00e9es peuvent \u00eatre communiqu\u00e9es aux\u00a0<span>membres du Consortium impliqu\u00e9s dans votre accompagnement.<\/span><\/p>\n<p>Si vous \u00eates inscrit comme Chercheur d&#8217;emploi et que vous participez au programme de Cosearching, vous nous autorisez \u00e0 informer Actiris (l&#8217;Office R\u00e9gional Bruxellois de l&#8217;Emploi) de votre participation, en fournissant vos donn\u00e9es d&#8217;identification ainsi que votre date d&#8217;inscription au programme. Aucune autre donn\u00e9e vos concernant ne sera transmise \u00e0 Actiris ou \u00e0 un tiers sans votre consentement.<\/p>\n<p>Si, dans le cadre du programme de Cosearching, vous vous inscrivez sur la plateforme Backstage.Network (le r\u00e9seau collaboratif pour Chercheurs d&#8217;emploi), vous serez amen\u00e9 \u00e0 partager davantage d&#8217;informations propres \u00e0 l&#8217;utilisation d&#8217;un r\u00e9seau social (reportez vous aux Conditions d&#8217;utilisation de ce r\u00e9seau social).<\/p>\n<p>Durant toute votre participation au programme de Cosearching, vous restez ma\u00eetre de toutes vos donn\u00e9es et pourrez \u00e0 tout moment demander leur suppression partielle ou d\u00e9finitive<span style=\"font-weight: 400;\">\u00a0via l\u2019adresse <\/span><a href=\"mailto:welcome@cosearching.be\"><span style=\"font-weight: 400;\">welcome@cosearching.be<\/span><\/a><\/p>\n<p>[\/et_pb_accordion_item][et_pb_accordion_item title=&#8221;Quelles sont les cookies utilis\u00e9s sur ce site et \u00e0 quelles fins ?&#8221; _builder_version=&#8221;4.6.6&#8243; _module_preset=&#8221;default&#8221; open=&#8221;off&#8221;]<\/p>\n<p><strong>IDE<\/strong><br \/> Service : doubleclick.net<br \/> Validit\u00e9 : 1 an<br \/> Fonctionnalit\u00e9 : Targeting<br \/> Ce cookie fournit des informations sur la mani\u00e8re dont l&#8217;utilisateur final utilise le site web et sur toute publicit\u00e9 que l&#8217;utilisateur final a pu voir avant de visiter ledit site.<\/p>\n<p><strong>GPS<\/strong><br \/> Service : youtube.com<br \/> Validit\u00e9 : 30 minutes<br \/> Fonctionnalit\u00e9 : Targeting<br \/> Ce cookie est plac\u00e9 par YouTube<br \/> Sa fonctionnalit\u00e9 permet de stocker les donn\u00e9es de localisation.<\/p>\n<p><strong>VISITOR_INFO1_LIVE<\/strong><br \/> Service : .youtube.com<br \/> Validit\u00e9 : 6 mois<br \/> Fonctionnalit\u00e9 : Targeting<br \/> Ce cookie est d\u00e9fini par Youtube pour garder une trace des pr\u00e9f\u00e9rences des utilisateurs pour les vid\u00e9os Youtube int\u00e9gr\u00e9es dans les sites ; il peut \u00e9galement d\u00e9terminer si le visiteur du site utilise la nouvelle ou l&#8217;ancienne version de l&#8217;interface Youtube.<\/p>\n<p><strong>YSC<\/strong><br \/> Service : youtube.com<br \/> Validit\u00e9 : Session<br \/> Fonctionnalit\u00e9 : Targeting<br \/> Ce cookie est d\u00e9fini par YouTube pour suivre les vues des vid\u00e9os int\u00e9gr\u00e9es.<\/p>\n<p><strong>PHPSESSID<\/strong><br \/> Service : backstage59534.activehosted.com<br \/> Validit\u00e9 : Session<br \/> Fonctionnalit\u00e9 : Targeting<br \/> Cookie g\u00e9n\u00e9r\u00e9 par les applications bas\u00e9es sur le langage PHP. Il s&#8217;agit d&#8217;un identifiant \u00e0 usage g\u00e9n\u00e9ral utilis\u00e9 pour maintenir les variables de session des utilisateurs. Il s&#8217;agit normalement d&#8217;un nombre g\u00e9n\u00e9r\u00e9 de mani\u00e8re al\u00e9atoire, la mani\u00e8re dont il est utilis\u00e9 peut \u00eatre sp\u00e9cifique au site, mais un bon exemple est le maintien d&#8217;un statut de connexion pour un utilisateur entre les pages.<\/p>\n<p><strong>prism_610675376<\/strong><br \/> Service : .cosearching.brussels<br \/> Validit\u00e9 : 1 mois<br \/> Non classifi\u00e9<\/p>\n<p><strong>prism_610675376<\/strong><br \/> Service : prism.app-us1.com<br \/> Validit\u00e9 : 1 mois<br \/> Non classifi\u00e9<\/p>\n<p>[\/et_pb_accordion_item][\/et_pb_accordion][\/et_pb_column][\/et_pb_row][\/et_pb_section][et_pb_section fb_built=&#8221;1&#8243; fullwidth=&#8221;on&#8221; module_id=&#8221;map&#8221; _builder_version=&#8221;4.6.6&#8243; _module_preset=&#8221;default&#8221; da_disable_devices=&#8221;off|off|off&#8221; da_is_popup=&#8221;off&#8221; da_exit_intent=&#8221;off&#8221; da_has_close=&#8221;on&#8221; da_alt_close=&#8221;off&#8221; da_dark_close=&#8221;off&#8221; da_not_modal=&#8221;on&#8221; da_is_singular=&#8221;off&#8221; da_with_loader=&#8221;off&#8221; da_has_shadow=&#8221;on&#8221;][et_pb_fullwidth_code _builder_version=&#8221;4.7.6&#8243; _module_preset=&#8221;default&#8221; hover_enabled=&#8221;0&#8243; sticky_enabled=&#8221;0&#8243;]<iframe style=\"height:650px;width:100%;border:0;\" frameborder=\"0\" src=\"https:\/\/www.google.com\/maps\/embed\/v1\/place?q=Cantersteen+6,+bruxelles+belgique&#038;key=AIzaSyBFw0Qbyq9zTFTd-tUY6dZWTgaQzuU17R8\"><\/iframe>[\/et_pb_fullwidth_code][\/et_pb_section]<\/p>\n","protected":false},"excerpt":{"rendered":"<p>[et_pb_section fb_built=&#8221;1&#8243; fullwidth=&#8221;on&#8221; disabled_on=&#8221;on|on|off&#8221; _builder_version=&#8221;4.6.6&#8243; _module_preset=&#8221;default&#8221; background_color_gradient_direction=&#8221;359deg&#8221; bottom_divider_style=&#8221;slant&#8221; bottom_divider_color=&#8221;#ffffff&#8221; bottom_divider_height=&#8221;61px&#8221; bottom_divider_flip=&#8221;vertical&#8221; da_disable_devices=&#8221;off|off|off&#8221; da_is_popup=&#8221;off&#8221; da_exit_intent=&#8221;off&#8221; da_has_close=&#8221;on&#8221; da_alt_close=&#8221;off&#8221; da_dark_close=&#8221;off&#8221; da_not_modal=&#8221;on&#8221; da_is_singular=&#8221;off&#8221; da_with_loader=&#8221;off&#8221; da_has_shadow=&#8221;on&#8221;][et_pb_fullwidth_header title=&#8221;Charte de protection de la vie priv\u00e9e&#8221; content_max_width=&#8221;70%&#8221; _builder_version=&#8221;4.6.6&#8243; _module_preset=&#8221;default&#8221; title_text_color=&#8221;#ffffff&#8221; title_font_size=&#8221;56px&#8221; content_font=&#8221;Comfortaa||||||||&#8221; content_text_color=&#8221;#ffffff&#8221; content_font_size=&#8221;22px&#8221; content_line_height=&#8221;1.5em&#8221; background_enable_color=&#8221;off&#8221; background_color_gradient_direction=&#8221;171deg&#8221; background_image=&#8221;https:\/\/cosearching.be\/wp-content\/uploads\/2020\/11\/contact-header01.jpg&#8221; background_position=&#8221;top_center&#8221; custom_button_one=&#8221;on&#8221; button_one_text_color=&#8221;#9cce1e&#8221; button_one_border_radius=&#8221;31px&#8221; custom_padding=&#8221;140px||214px||false|false&#8221;][\/et_pb_fullwidth_header][\/et_pb_section][et_pb_section fb_built=&#8221;1&#8243; fullwidth=&#8221;on&#8221; disabled_on=&#8221;off|off|on&#8221; _builder_version=&#8221;4.6.6&#8243; _module_preset=&#8221;default&#8221; background_color_gradient_direction=&#8221;359deg&#8221; bottom_divider_style=&#8221;slant&#8221; bottom_divider_color=&#8221;#ffffff&#8221; bottom_divider_height=&#8221;61px&#8221; bottom_divider_flip=&#8221;vertical&#8221; [&hellip;]<\/p>\n","protected":false},"author":1,"featured_media":0,"parent":0,"menu_order":0,"comment_status":"closed","ping_status":"closed","template":"","meta":{"_et_pb_use_builder":"on","_et_pb_old_content":"<!-- wp:heading --><h2>Who we are<\/h2><!-- \/wp:heading --><!-- wp:paragraph --><p>Our website address is: http:\/\/cosearching.brussels.<\/p><!-- \/wp:paragraph --><!-- wp:heading --><h2>What personal data we collect and why we collect it<\/h2><!-- \/wp:heading --><!-- wp:heading {\"level\":3} --><h3>Comments<\/h3><!-- \/wp:heading --><!-- wp:paragraph --><p>When visitors leave comments on the site we collect the data shown in the comments form, and also the visitor&#8217;s IP address and browser user agent string to help spam detection.<\/p><!-- \/wp:paragraph --><!-- wp:paragraph --><p>An anonymized string created from your email address (also called a hash) may be provided to the Gravatar service to see if you are using it. The Gravatar service privacy policy is available here: https:\/\/automattic.com\/privacy\/. After approval of your comment, your profile picture is visible to the public in the context of your comment.<\/p><!-- \/wp:paragraph --><!-- wp:heading {\"level\":3} --><h3>Media<\/h3><!-- \/wp:heading --><!-- wp:paragraph --><p>If you upload images to the website, you should avoid uploading images with embedded location data (EXIF GPS) included. Visitors to the website can download and extract any location data from images on the website.<\/p><!-- \/wp:paragraph --><!-- wp:heading {\"level\":3} --><h3>Contact forms<\/h3><!-- \/wp:heading --><!-- wp:heading {\"level\":3} --><h3>Cookies<\/h3><!-- \/wp:heading --><!-- wp:paragraph --><p>If you leave a comment on our site you may opt-in to saving your name, email address and website in cookies. These are for your convenience so that you do not have to fill in your details again when you leave another comment. These cookies will last for one year.<\/p><!-- \/wp:paragraph --><!-- wp:paragraph --><p>If you visit our login page, we will set a temporary cookie to determine if your browser accepts cookies. This cookie contains no personal data and is discarded when you close your browser.<\/p><!-- \/wp:paragraph --><!-- wp:paragraph --><p>When you log in, we will also set up several cookies to save your login information and your screen display choices. Login cookies last for two days, and screen options cookies last for a year. If you select &quot;Remember Me&quot;, your login will persist for two weeks. If you log out of your account, the login cookies will be removed.<\/p><!-- \/wp:paragraph --><!-- wp:paragraph --><p>If you edit or publish an article, an additional cookie will be saved in your browser. This cookie includes no personal data and simply indicates the post ID of the article you just edited. It expires after 1 day.<\/p><!-- \/wp:paragraph --><!-- wp:heading {\"level\":3} --><h3>Embedded content from other websites<\/h3><!-- \/wp:heading --><!-- wp:paragraph --><p>Articles on this site may include embedded content (e.g. videos, images, articles, etc.). Embedded content from other websites behaves in the exact same way as if the visitor has visited the other website.<\/p><!-- \/wp:paragraph --><!-- wp:paragraph --><p>These websites may collect data about you, use cookies, embed additional third-party tracking, and monitor your interaction with that embedded content, including tracking your interaction with the embedded content if you have an account and are logged in to that website.<\/p><!-- \/wp:paragraph --><!-- wp:heading {\"level\":3} --><h3>Analytics<\/h3><!-- \/wp:heading --><!-- wp:heading --><h2>Who we share your data with<\/h2><!-- \/wp:heading --><!-- wp:heading --><h2>How long we retain your data<\/h2><!-- \/wp:heading --><!-- wp:paragraph --><p>If you leave a comment, the comment and its metadata are retained indefinitely. This is so we can recognize and approve any follow-up comments automatically instead of holding them in a moderation queue.<\/p><!-- \/wp:paragraph --><!-- wp:paragraph --><p>For users that register on our website (if any), we also store the personal information they provide in their user profile. All users can see, edit, or delete their personal information at any time (except they cannot change their username). Website administrators can also see and edit that information.<\/p><!-- \/wp:paragraph --><!-- wp:heading --><h2>What rights you have over your data<\/h2><!-- \/wp:heading --><!-- wp:paragraph --><p>If you have an account on this site, or have left comments, you can request to receive an exported file of the personal data we hold about you, including any data you have provided to us. You can also request that we erase any personal data we hold about you. This does not include any data we are obliged to keep for administrative, legal, or security purposes.<\/p><!-- \/wp:paragraph --><!-- wp:heading --><h2>Where we send your data<\/h2><!-- \/wp:heading --><!-- wp:paragraph --><p>Visitor comments may be checked through an automated spam detection service.<\/p><!-- \/wp:paragraph --><!-- wp:heading --><h2>Your contact information<\/h2><!-- \/wp:heading --><!-- wp:heading --><h2>Additional information<\/h2><!-- \/wp:heading --><!-- wp:heading {\"level\":3} --><h3>How we protect your data<\/h3><!-- \/wp:heading --><!-- wp:heading {\"level\":3} --><h3>What data breach procedures we have in place<\/h3><!-- \/wp:heading --><!-- wp:heading {\"level\":3} --><h3>What third parties we receive data from<\/h3><!-- \/wp:heading --><!-- wp:heading {\"level\":3} --><h3>What automated decision making and\/or profiling we do with user data<\/h3><!-- \/wp:heading --><!-- wp:heading {\"level\":3} --><h3>Industry regulatory disclosure requirements<\/h3><!-- \/wp:heading -->","_et_gb_content_width":""},"_links":{"self":[{"href":"https:\/\/cosearching.be\/en\/wp-json\/wp\/v2\/pages\/935"}],"collection":[{"href":"https:\/\/cosearching.be\/en\/wp-json\/wp\/v2\/pages"}],"about":[{"href":"https:\/\/cosearching.be\/en\/wp-json\/wp\/v2\/types\/page"}],"author":[{"embeddable":true,"href":"https:\/\/cosearching.be\/en\/wp-json\/wp\/v2\/users\/1"}],"replies":[{"embeddable":true,"href":"https:\/\/cosearching.be\/en\/wp-json\/wp\/v2\/comments?post=935"}],"version-history":[{"count":13,"href":"https:\/\/cosearching.be\/en\/wp-json\/wp\/v2\/pages\/935\/revisions"}],"predecessor-version":[{"id":2132,"href":"https:\/\/cosearching.be\/en\/wp-json\/wp\/v2\/pages\/935\/revisions\/2132"}],"wp:attachment":[{"href":"https:\/\/cosearching.be\/en\/wp-json\/wp\/v2\/media?parent=935"}],"curies":[{"name":"wp","href":"https:\/\/api.w.org\/{rel}","templated":true}]}}